{"id":1320,"date":"2021-11-21T15:14:41","date_gmt":"2021-11-21T15:14:41","guid":{"rendered":"https:\/\/miakeri.se\/?page_id=1320"},"modified":"2022-11-23T21:58:54","modified_gmt":"2022-11-23T21:58:54","slug":"services","status":"publish","type":"page","link":"https:\/\/miakeri.se\/?page_id=1320","title":{"rendered":"Tj\u00e4nster"},"content":{"rendered":"\t\t<div data-elementor-type=\"wp-page\" data-elementor-id=\"1320\" class=\"elementor elementor-1320\">\n\t\t\t\t\t\t\t\t\t<section class=\"elementor-section elementor-top-section elementor-element elementor-element-83746e8 elementor-section-height-min-height elementor-section-boxed elementor-section-height-default elementor-section-items-middle\" data-id=\"83746e8\" data-element_type=\"section\" data-settings=\"{&quot;background_background&quot;:&quot;classic&quot;}\">\n\t\t\t\t\t\t\t<div class=\"elementor-background-overlay\"><\/div>\n\t\t\t\t\t\t\t<div class=\"elementor-container elementor-column-gap-default\">\n\t\t\t\t\t<div class=\"elementor-column elementor-col-100 elementor-top-column elementor-element elementor-element-09faee3\" data-id=\"09faee3\" data-element_type=\"column\">\n\t\t\t<div class=\"elementor-widget-wrap elementor-element-populated\">\n\t\t\t\t\t\t\t\t<div class=\"elementor-element elementor-element-c7152a9 elementor-widget elementor-widget-heading\" data-id=\"c7152a9\" data-element_type=\"widget\" data-widget_type=\"heading.default\">\n\t\t\t\t<div class=\"elementor-widget-container\">\n\t\t\t<style>\/*! elementor - v3.8.0 - 30-10-2022 *\/\n.elementor-heading-title{padding:0;margin:0;line-height:1}.elementor-widget-heading .elementor-heading-title[class*=elementor-size-]>a{color:inherit;font-size:inherit;line-height:inherit}.elementor-widget-heading .elementor-heading-title.elementor-size-small{font-size:15px}.elementor-widget-heading .elementor-heading-title.elementor-size-medium{font-size:19px}.elementor-widget-heading .elementor-heading-title.elementor-size-large{font-size:29px}.elementor-widget-heading .elementor-heading-title.elementor-size-xl{font-size:39px}.elementor-widget-heading .elementor-heading-title.elementor-size-xxl{font-size:59px}<\/style><h1 class=\"elementor-heading-title elementor-size-default\">V\u00e5ra Tj\u00e4nster<\/h1>\t\t<\/div>\n\t\t\t\t<\/div>\n\t\t\t\t\t<\/div>\n\t\t<\/div>\n\t\t\t\t\t\t\t<\/div>\n\t\t<\/section>\n\t\t\t\t<section class=\"elementor-section elementor-top-section elementor-element elementor-element-a92bf94 elementor-section-boxed elementor-section-height-default elementor-section-height-default\" data-id=\"a92bf94\" data-element_type=\"section\">\n\t\t\t\t\t\t\t<div class=\"elementor-background-overlay\"><\/div>\n\t\t\t\t\t\t\t<div class=\"elementor-container elementor-column-gap-default\">\n\t\t\t\t\t<div class=\"elementor-column elementor-col-50 elementor-top-column elementor-element elementor-element-f485586\" data-id=\"f485586\" data-element_type=\"column\">\n\t\t\t<div class=\"elementor-widget-wrap elementor-element-populated\">\n\t\t\t\t\t\t\t\t<div class=\"elementor-element elementor-element-b5d284b elementor-widget elementor-widget-image\" data-id=\"b5d284b\" data-element_type=\"widget\" data-widget_type=\"image.default\">\n\t\t\t\t<div class=\"elementor-widget-container\">\n\t\t\t<style>\/*! elementor - v3.8.0 - 30-10-2022 *\/\n.elementor-widget-image{text-align:center}.elementor-widget-image a{display:inline-block}.elementor-widget-image a img[src$=\".svg\"]{width:48px}.elementor-widget-image img{vertical-align:middle;display:inline-block}<\/style>\t\t\t\t\t\t\t\t\t\t\t\t<img loading=\"lazy\" decoding=\"async\" width=\"1200\" height=\"899\" src=\"https:\/\/miakeri.se\/wp-content\/uploads\/2022\/11\/Screenshot-2022-11-06-at-15-42-06-PowerPoint-Presentation-Mi-akeri-Presentatiot.pdf-2.png\" class=\"attachment-full size-full\" alt=\"\" srcset=\"https:\/\/miakeri.se\/wp-content\/uploads\/2022\/11\/Screenshot-2022-11-06-at-15-42-06-PowerPoint-Presentation-Mi-akeri-Presentatiot.pdf-2.png 1200w, https:\/\/miakeri.se\/wp-content\/uploads\/2022\/11\/Screenshot-2022-11-06-at-15-42-06-PowerPoint-Presentation-Mi-akeri-Presentatiot.pdf-2-300x225.png 300w, https:\/\/miakeri.se\/wp-content\/uploads\/2022\/11\/Screenshot-2022-11-06-at-15-42-06-PowerPoint-Presentation-Mi-akeri-Presentatiot.pdf-2-1024x767.png 1024w, https:\/\/miakeri.se\/wp-content\/uploads\/2022\/11\/Screenshot-2022-11-06-at-15-42-06-PowerPoint-Presentation-Mi-akeri-Presentatiot.pdf-2-768x575.png 768w\" sizes=\"auto, (max-width: 1200px) 100vw, 1200px\" \/>\t\t\t\t\t\t\t\t\t\t\t\t\t\t\t<\/div>\n\t\t\t\t<\/div>\n\t\t\t\t\t<\/div>\n\t\t<\/div>\n\t\t\t\t<div class=\"elementor-column elementor-col-50 elementor-top-column elementor-element elementor-element-7d00c84\" data-id=\"7d00c84\" data-element_type=\"column\">\n\t\t\t<div class=\"elementor-widget-wrap elementor-element-populated\">\n\t\t\t\t\t\t\t\t<div class=\"elementor-element elementor-element-8ce1b85 elementor-widget elementor-widget-heading\" data-id=\"8ce1b85\" data-element_type=\"widget\" data-widget_type=\"heading.default\">\n\t\t\t\t<div class=\"elementor-widget-container\">\n\t\t\t<h4 class=\"elementor-heading-title elementor-size-default\">Distribution av styckegods samt partigods<\/h4>\t\t<\/div>\n\t\t\t\t<\/div>\n\t\t\t\t<div class=\"elementor-element elementor-element-c31e03f elementor-widget elementor-widget-text-editor\" data-id=\"c31e03f\" data-element_type=\"widget\" data-widget_type=\"text-editor.default\">\n\t\t\t\t<div class=\"elementor-widget-container\">\n\t\t\t<style>\/*! elementor - v3.8.0 - 30-10-2022 *\/\n.elementor-widget-text-editor.elementor-drop-cap-view-stacked .elementor-drop-cap{background-color:#818a91;color:#fff}.elementor-widget-text-editor.elementor-drop-cap-view-framed .elementor-drop-cap{color:#818a91;border:3px solid;background-color:transparent}.elementor-widget-text-editor:not(.elementor-drop-cap-view-default) .elementor-drop-cap{margin-top:8px}.elementor-widget-text-editor:not(.elementor-drop-cap-view-default) .elementor-drop-cap-letter{width:1em;height:1em}.elementor-widget-text-editor .elementor-drop-cap{float:left;text-align:center;line-height:1;font-size:50px}.elementor-widget-text-editor .elementor-drop-cap-letter{display:inline-block}<\/style>\t\t\t\t<p>Allt fr\u00e5n ett paket till stora pallar, b\u00e5da till f\u00f6retag och privatpersoner.<\/p>\t\t\t\t\t\t<\/div>\n\t\t\t\t<\/div>\n\t\t\t\t<div class=\"elementor-element elementor-element-3e6ffa2 elementor-widget elementor-widget-button\" data-id=\"3e6ffa2\" data-element_type=\"widget\" data-widget_type=\"button.default\">\n\t\t\t\t<div class=\"elementor-widget-container\">\n\t\t\t\t\t<div class=\"elementor-button-wrapper\">\n\t\t\t<a href=\"https:\/\/miakeri.se\/?page_id=1321\" class=\"elementor-button-link elementor-button elementor-size-sm\" role=\"button\">\n\t\t\t\t\t\t<span class=\"elementor-button-content-wrapper\">\n\t\t\t\t\t\t<span class=\"elementor-button-text\">F\u00e5 En Kostnadsfri Offert<\/span>\n\t\t<\/span>\n\t\t\t\t\t<\/a>\n\t\t<\/div>\n\t\t\t\t<\/div>\n\t\t\t\t<\/div>\n\t\t\t\t\t<\/div>\n\t\t<\/div>\n\t\t\t\t\t\t\t<\/div>\n\t\t<\/section>\n\t\t\t\t<section class=\"elementor-section elementor-top-section elementor-element elementor-element-81b0575 elementor-section-boxed elementor-section-height-default elementor-section-height-default\" data-id=\"81b0575\" data-element_type=\"section\" data-settings=\"{&quot;background_background&quot;:&quot;gradient&quot;}\">\n\t\t\t\t\t\t<div class=\"elementor-container elementor-column-gap-default\">\n\t\t\t\t\t<div class=\"elementor-column elementor-col-50 elementor-top-column elementor-element elementor-element-15cfb90\" data-id=\"15cfb90\" data-element_type=\"column\">\n\t\t\t<div class=\"elementor-widget-wrap elementor-element-populated\">\n\t\t\t\t\t\t\t\t<div class=\"elementor-element elementor-element-a26d886 elementor-widget elementor-widget-image\" data-id=\"a26d886\" data-element_type=\"widget\" data-widget_type=\"image.default\">\n\t\t\t\t<div class=\"elementor-widget-container\">\n\t\t\t\t\t\t\t\t\t\t\t\t\t\t\t<img loading=\"lazy\" decoding=\"async\" width=\"1550\" height=\"754\" src=\"https:\/\/miakeri.se\/wp-content\/uploads\/2022\/11\/1-andra-2.jpeg\" class=\"attachment-full size-full\" alt=\"\" srcset=\"https:\/\/miakeri.se\/wp-content\/uploads\/2022\/11\/1-andra-2.jpeg 1550w, https:\/\/miakeri.se\/wp-content\/uploads\/2022\/11\/1-andra-2-300x146.jpeg 300w, https:\/\/miakeri.se\/wp-content\/uploads\/2022\/11\/1-andra-2-1024x498.jpeg 1024w, https:\/\/miakeri.se\/wp-content\/uploads\/2022\/11\/1-andra-2-768x374.jpeg 768w, https:\/\/miakeri.se\/wp-content\/uploads\/2022\/11\/1-andra-2-1536x747.jpeg 1536w, https:\/\/miakeri.se\/wp-content\/uploads\/2022\/11\/elementor\/thumbs\/1-andra-2-pxfho2i403umuuxry5ki1sdb3q7fqngeqp4bol405w.jpeg 70w, https:\/\/miakeri.se\/wp-content\/uploads\/2022\/11\/elementor\/thumbs\/1-andra-2-pxfho2i4i35gix7qzozl7k4muo1kc3dm8fp9zywgyu.jpeg 111w\" sizes=\"auto, (max-width: 1550px) 100vw, 1550px\" \/>\t\t\t\t\t\t\t\t\t\t\t\t\t\t\t<\/div>\n\t\t\t\t<\/div>\n\t\t\t\t\t<\/div>\n\t\t<\/div>\n\t\t\t\t<div class=\"elementor-column elementor-col-50 elementor-top-column elementor-element elementor-element-97c09ce\" data-id=\"97c09ce\" data-element_type=\"column\">\n\t\t\t<div class=\"elementor-widget-wrap elementor-element-populated\">\n\t\t\t\t\t\t\t\t<div class=\"elementor-element elementor-element-cfc6530 elementor-widget elementor-widget-heading\" data-id=\"cfc6530\" data-element_type=\"widget\" data-widget_type=\"heading.default\">\n\t\t\t\t<div class=\"elementor-widget-container\">\n\t\t\t<h4 class=\"elementor-heading-title elementor-size-default\">Transport av kyllvara och frysvara<\/h4>\t\t<\/div>\n\t\t\t\t<\/div>\n\t\t\t\t<div class=\"elementor-element elementor-element-f06fcd5 elementor-widget elementor-widget-text-editor\" data-id=\"f06fcd5\" data-element_type=\"widget\" data-widget_type=\"text-editor.default\">\n\t\t\t\t<div class=\"elementor-widget-container\">\n\t\t\t\t\t\t\t<p>Allt fr\u00e5n ett paket till stora pallar, b\u00e5da till f\u00f6retag och privatpersoner.<\/p>\t\t\t\t\t\t<\/div>\n\t\t\t\t<\/div>\n\t\t\t\t<div class=\"elementor-element elementor-element-01b7eac elementor-widget elementor-widget-button\" data-id=\"01b7eac\" data-element_type=\"widget\" data-widget_type=\"button.default\">\n\t\t\t\t<div class=\"elementor-widget-container\">\n\t\t\t\t\t<div class=\"elementor-button-wrapper\">\n\t\t\t<a href=\"https:\/\/miakeri.se\/?page_id=1321\" class=\"elementor-button-link elementor-button elementor-size-sm\" role=\"button\">\n\t\t\t\t\t\t<span class=\"elementor-button-content-wrapper\">\n\t\t\t\t\t\t<span class=\"elementor-button-text\">F\u00e5 En Kostnadsfri Offert<\/span>\n\t\t<\/span>\n\t\t\t\t\t<\/a>\n\t\t<\/div>\n\t\t\t\t<\/div>\n\t\t\t\t<\/div>\n\t\t\t\t\t<\/div>\n\t\t<\/div>\n\t\t\t\t\t\t\t<\/div>\n\t\t<\/section>\n\t\t\t\t<section class=\"elementor-section elementor-top-section elementor-element elementor-element-f2400c1 elementor-section-boxed elementor-section-height-default elementor-section-height-default\" data-id=\"f2400c1\" data-element_type=\"section\">\n\t\t\t\t\t\t\t<div class=\"elementor-background-overlay\"><\/div>\n\t\t\t\t\t\t\t<div class=\"elementor-container elementor-column-gap-default\">\n\t\t\t\t\t<div class=\"elementor-column elementor-col-50 elementor-top-column elementor-element elementor-element-7609ad3\" data-id=\"7609ad3\" data-element_type=\"column\">\n\t\t\t<div class=\"elementor-widget-wrap elementor-element-populated\">\n\t\t\t\t\t\t\t\t<div class=\"elementor-element elementor-element-3dd6d97 elementor-widget elementor-widget-image\" data-id=\"3dd6d97\" data-element_type=\"widget\" data-widget_type=\"image.default\">\n\t\t\t\t<div class=\"elementor-widget-container\">\n\t\t\t\t\t\t\t\t\t\t\t\t\t\t\t<img loading=\"lazy\" decoding=\"async\" width=\"275\" height=\"183\" src=\"https:\/\/miakeri.se\/wp-content\/uploads\/2022\/11\/images.jpg\" class=\"attachment-full size-full\" alt=\"\" \/>\t\t\t\t\t\t\t\t\t\t\t\t\t\t\t<\/div>\n\t\t\t\t<\/div>\n\t\t\t\t\t<\/div>\n\t\t<\/div>\n\t\t\t\t<div class=\"elementor-column elementor-col-50 elementor-top-column elementor-element elementor-element-40bfc21\" data-id=\"40bfc21\" data-element_type=\"column\">\n\t\t\t<div class=\"elementor-widget-wrap elementor-element-populated\">\n\t\t\t\t\t\t\t\t<div class=\"elementor-element elementor-element-7cce840 elementor-widget elementor-widget-heading\" data-id=\"7cce840\" data-element_type=\"widget\" data-widget_type=\"heading.default\">\n\t\t\t\t<div class=\"elementor-widget-container\">\n\t\t\t<h4 class=\"elementor-heading-title elementor-size-default\">Alla M\u00f6jliga buduppdrag<\/h4>\t\t<\/div>\n\t\t\t\t<\/div>\n\t\t\t\t<div class=\"elementor-element elementor-element-18dff64 elementor-widget elementor-widget-text-editor\" data-id=\"18dff64\" data-element_type=\"widget\" data-widget_type=\"text-editor.default\">\n\t\t\t\t<div class=\"elementor-widget-container\">\n\t\t\t\t\t\t\t<p>Allt fr\u00e5n ett paket till stora pallar, b\u00e5da till f\u00f6retag och privatpersoner.<\/p>\t\t\t\t\t\t<\/div>\n\t\t\t\t<\/div>\n\t\t\t\t<div class=\"elementor-element elementor-element-92f0a42 elementor-widget elementor-widget-button\" data-id=\"92f0a42\" data-element_type=\"widget\" data-widget_type=\"button.default\">\n\t\t\t\t<div class=\"elementor-widget-container\">\n\t\t\t\t\t<div class=\"elementor-button-wrapper\">\n\t\t\t<a href=\"https:\/\/miakeri.se\/?page_id=1321\" class=\"elementor-button-link elementor-button elementor-size-sm\" role=\"button\">\n\t\t\t\t\t\t<span class=\"elementor-button-content-wrapper\">\n\t\t\t\t\t\t<span class=\"elementor-button-text\">F\u00e5 En Kostnadsfri Offert<\/span>\n\t\t<\/span>\n\t\t\t\t\t<\/a>\n\t\t<\/div>\n\t\t\t\t<\/div>\n\t\t\t\t<\/div>\n\t\t\t\t\t<\/div>\n\t\t<\/div>\n\t\t\t\t\t\t\t<\/div>\n\t\t<\/section>\n\t\t\t\t\t\t\t<\/div>\n\t\t","protected":false},"excerpt":{"rendered":"<p>V\u00e5ra Tj\u00e4nster Distribution av styckegods samt partigods Allt fr\u00e5n ett paket till stora pallar, b\u00e5da till f\u00f6retag och privatpersoner. F\u00e5 En Kostnadsfri Offert Transport av kyllvara och frysvara Allt fr\u00e5n ett paket till stora pallar, b\u00e5da till f\u00f6retag och privatpersoner. F\u00e5 En Kostnadsfri Offert Alla M\u00f6jliga buduppdrag Allt fr\u00e5n ett paket till stora pallar, b\u00e5da &hellip;<\/p>\n<p class=\"read-more\"> <a class=\"\" href=\"https:\/\/miakeri.se\/?page_id=1320\"> <span class=\"screen-reader-text\">Tj\u00e4nster<\/span> Read More &raquo;<\/a><\/p>\n","protected":false},"author":2,"featured_media":0,"parent":0,"menu_order":0,"comment_status":"closed","ping_status":"closed","template":"","meta":{"site-sidebar-layout":"no-sidebar","site-content-layout":"page-builder","ast-global-header-display":"","ast-main-header-display":"","ast-hfb-above-header-display":"","ast-hfb-below-header-display":"","ast-hfb-mobile-header-display":"","site-post-title":"disabled","ast-breadcrumbs-content":"","ast-featured-img":"disabled","footer-sml-layout":"","theme-transparent-header-meta":"enabled","adv-header-id-meta":"","stick-header-meta":"","header-above-stick-meta":"","header-main-stick-meta":"","header-below-stick-meta":"","footnotes":""},"class_list":["post-1320","page","type-page","status-publish","hentry"],"yoast_head":"<!-- This site is optimized with the Yoast SEO plugin v19.9 - https:\/\/yoast.com\/wordpress\/plugins\/seo\/ -->\n<title>Tj\u00e4nster - Love Nature<\/title>\n<meta name=\"robots\" content=\"index, follow, max-snippet:-1, max-image-preview:large, max-video-preview:-1\" \/>\n<link rel=\"canonical\" href=\"https:\/\/miakeri.se\/?page_id=1320\" \/>\n<meta property=\"og:locale\" content=\"en_US\" \/>\n<meta property=\"og:type\" content=\"article\" \/>\n<meta property=\"og:title\" content=\"Tj\u00e4nster - Love Nature\" \/>\n<meta property=\"og:description\" content=\"V\u00e5ra Tj\u00e4nster Distribution av styckegods samt partigods Allt fr\u00e5n ett paket till stora pallar, b\u00e5da till f\u00f6retag och privatpersoner. F\u00e5 En Kostnadsfri Offert Transport av kyllvara och frysvara Allt fr\u00e5n ett paket till stora pallar, b\u00e5da till f\u00f6retag och privatpersoner. F\u00e5 En Kostnadsfri Offert Alla M\u00f6jliga buduppdrag Allt fr\u00e5n ett paket till stora pallar, b\u00e5da &hellip; Tj\u00e4nster Read More &raquo;\" \/>\n<meta property=\"og:url\" content=\"https:\/\/miakeri.se\/?page_id=1320\" \/>\n<meta property=\"og:site_name\" content=\"Love Nature\" \/>\n<meta property=\"article:modified_time\" content=\"2022-11-23T21:58:54+00:00\" \/>\n<meta property=\"og:image\" content=\"https:\/\/miakeri.se\/wp-content\/uploads\/2022\/11\/Screenshot-2022-11-06-at-15-42-06-PowerPoint-Presentation-Mi-akeri-Presentatiot.pdf-2.png\" \/>\n<meta name=\"twitter:card\" content=\"summary_large_image\" \/>\n<meta name=\"twitter:label1\" content=\"Est. reading time\" \/>\n\t<meta name=\"twitter:data1\" content=\"1 minute\" \/>\n<script type=\"application\/ld+json\" class=\"yoast-schema-graph\">{\"@context\":\"https:\/\/schema.org\",\"@graph\":[{\"@type\":\"WebPage\",\"@id\":\"https:\/\/miakeri.se\/?page_id=1320\",\"url\":\"https:\/\/miakeri.se\/?page_id=1320\",\"name\":\"Tj\u00e4nster - Love Nature\",\"isPartOf\":{\"@id\":\"https:\/\/miakeri.se\/#website\"},\"datePublished\":\"2021-11-21T15:14:41+00:00\",\"dateModified\":\"2022-11-23T21:58:54+00:00\",\"breadcrumb\":{\"@id\":\"https:\/\/miakeri.se\/?page_id=1320#breadcrumb\"},\"inLanguage\":\"en-US\",\"potentialAction\":[{\"@type\":\"ReadAction\",\"target\":[\"https:\/\/miakeri.se\/?page_id=1320\"]}]},{\"@type\":\"BreadcrumbList\",\"@id\":\"https:\/\/miakeri.se\/?page_id=1320#breadcrumb\",\"itemListElement\":[{\"@type\":\"ListItem\",\"position\":1,\"name\":\"Home\",\"item\":\"https:\/\/miakeri.se\/\"},{\"@type\":\"ListItem\",\"position\":2,\"name\":\"Tj\u00e4nster\"}]},{\"@type\":\"WebSite\",\"@id\":\"https:\/\/miakeri.se\/#website\",\"url\":\"https:\/\/miakeri.se\/\",\"name\":\"Love Nature\",\"description\":\"Just another Astra Starter Templates site\",\"publisher\":{\"@id\":\"https:\/\/miakeri.se\/#organization\"},\"potentialAction\":[{\"@type\":\"SearchAction\",\"target\":{\"@type\":\"EntryPoint\",\"urlTemplate\":\"https:\/\/miakeri.se\/?s={search_term_string}\"},\"query-input\":\"required name=search_term_string\"}],\"inLanguage\":\"en-US\"},{\"@type\":\"Organization\",\"@id\":\"https:\/\/miakeri.se\/#organization\",\"name\":\"Love Nature\",\"url\":\"https:\/\/miakeri.se\/\",\"logo\":{\"@type\":\"ImageObject\",\"inLanguage\":\"en-US\",\"@id\":\"https:\/\/miakeri.se\/#\/schema\/logo\/image\/\",\"url\":\"https:\/\/miakeri.se\/wp-content\/uploads\/2022\/11\/MI-AKERI-AB-110.png\",\"contentUrl\":\"https:\/\/miakeri.se\/wp-content\/uploads\/2022\/11\/MI-AKERI-AB-110.png\",\"width\":1080,\"height\":1080,\"caption\":\"Love Nature\"},\"image\":{\"@id\":\"https:\/\/miakeri.se\/#\/schema\/logo\/image\/\"}}]}<\/script>\n<!-- \/ Yoast SEO plugin. -->","yoast_head_json":{"title":"Tj\u00e4nster - Love Nature","robots":{"index":"index","follow":"follow","max-snippet":"max-snippet:-1","max-image-preview":"max-image-preview:large","max-video-preview":"max-video-preview:-1"},"canonical":"https:\/\/miakeri.se\/?page_id=1320","og_locale":"en_US","og_type":"article","og_title":"Tj\u00e4nster - Love Nature","og_description":"V\u00e5ra Tj\u00e4nster Distribution av styckegods samt partigods Allt fr\u00e5n ett paket till stora pallar, b\u00e5da till f\u00f6retag och privatpersoner. F\u00e5 En Kostnadsfri Offert Transport av kyllvara och frysvara Allt fr\u00e5n ett paket till stora pallar, b\u00e5da till f\u00f6retag och privatpersoner. F\u00e5 En Kostnadsfri Offert Alla M\u00f6jliga buduppdrag Allt fr\u00e5n ett paket till stora pallar, b\u00e5da &hellip; Tj\u00e4nster Read More &raquo;","og_url":"https:\/\/miakeri.se\/?page_id=1320","og_site_name":"Love Nature","article_modified_time":"2022-11-23T21:58:54+00:00","og_image":[{"url":"https:\/\/miakeri.se\/wp-content\/uploads\/2022\/11\/Screenshot-2022-11-06-at-15-42-06-PowerPoint-Presentation-Mi-akeri-Presentatiot.pdf-2.png"}],"twitter_card":"summary_large_image","twitter_misc":{"Est. reading time":"1 minute"},"schema":{"@context":"https:\/\/schema.org","@graph":[{"@type":"WebPage","@id":"https:\/\/miakeri.se\/?page_id=1320","url":"https:\/\/miakeri.se\/?page_id=1320","name":"Tj\u00e4nster - Love Nature","isPartOf":{"@id":"https:\/\/miakeri.se\/#website"},"datePublished":"2021-11-21T15:14:41+00:00","dateModified":"2022-11-23T21:58:54+00:00","breadcrumb":{"@id":"https:\/\/miakeri.se\/?page_id=1320#breadcrumb"},"inLanguage":"en-US","potentialAction":[{"@type":"ReadAction","target":["https:\/\/miakeri.se\/?page_id=1320"]}]},{"@type":"BreadcrumbList","@id":"https:\/\/miakeri.se\/?page_id=1320#breadcrumb","itemListElement":[{"@type":"ListItem","position":1,"name":"Home","item":"https:\/\/miakeri.se\/"},{"@type":"ListItem","position":2,"name":"Tj\u00e4nster"}]},{"@type":"WebSite","@id":"https:\/\/miakeri.se\/#website","url":"https:\/\/miakeri.se\/","name":"Love Nature","description":"Just another Astra Starter Templates site","publisher":{"@id":"https:\/\/miakeri.se\/#organization"},"potentialAction":[{"@type":"SearchAction","target":{"@type":"EntryPoint","urlTemplate":"https:\/\/miakeri.se\/?s={search_term_string}"},"query-input":"required name=search_term_string"}],"inLanguage":"en-US"},{"@type":"Organization","@id":"https:\/\/miakeri.se\/#organization","name":"Love Nature","url":"https:\/\/miakeri.se\/","logo":{"@type":"ImageObject","inLanguage":"en-US","@id":"https:\/\/miakeri.se\/#\/schema\/logo\/image\/","url":"https:\/\/miakeri.se\/wp-content\/uploads\/2022\/11\/MI-AKERI-AB-110.png","contentUrl":"https:\/\/miakeri.se\/wp-content\/uploads\/2022\/11\/MI-AKERI-AB-110.png","width":1080,"height":1080,"caption":"Love Nature"},"image":{"@id":"https:\/\/miakeri.se\/#\/schema\/logo\/image\/"}}]}},"uagb_featured_image_src":{"full":false,"thumbnail":false,"medium":false,"medium_large":false,"large":false,"1536x1536":false,"2048x2048":false},"uagb_author_info":{"display_name":"abdul","author_link":"https:\/\/miakeri.se\/?author=2"},"uagb_comment_info":0,"uagb_excerpt":"V\u00e5ra Tj\u00e4nster Distribution av styckegods samt partigods Allt fr\u00e5n ett paket till stora pallar, b\u00e5da till f\u00f6retag och privatpersoner. F\u00e5 En Kostnadsfri Offert Transport av kyllvara och frysvara Allt fr\u00e5n ett paket till stora pallar, b\u00e5da till f\u00f6retag och privatpersoner. F\u00e5 En Kostnadsfri Offert Alla M\u00f6jliga buduppdrag Allt fr\u00e5n ett paket till stora pallar, b\u00e5da&hellip;","_links":{"self":[{"href":"https:\/\/miakeri.se\/index.php?rest_route=\/wp\/v2\/pages\/1320","targetHints":{"allow":["GET"]}}],"collection":[{"href":"https:\/\/miakeri.se\/index.php?rest_route=\/wp\/v2\/pages"}],"about":[{"href":"https:\/\/miakeri.se\/index.php?rest_route=\/wp\/v2\/types\/page"}],"author":[{"embeddable":true,"href":"https:\/\/miakeri.se\/index.php?rest_route=\/wp\/v2\/users\/2"}],"replies":[{"embeddable":true,"href":"https:\/\/miakeri.se\/index.php?rest_route=%2Fwp%2Fv2%2Fcomments&post=1320"}],"version-history":[{"count":20,"href":"https:\/\/miakeri.se\/index.php?rest_route=\/wp\/v2\/pages\/1320\/revisions"}],"predecessor-version":[{"id":1461,"href":"https:\/\/miakeri.se\/index.php?rest_route=\/wp\/v2\/pages\/1320\/revisions\/1461"}],"wp:attachment":[{"href":"https:\/\/miakeri.se\/index.php?rest_route=%2Fwp%2Fv2%2Fmedia&parent=1320"}],"curies":[{"name":"wp","href":"https:\/\/api.w.org\/{rel}","templated":true}]}}