{"id":1319,"date":"2021-11-21T15:14:19","date_gmt":"2021-11-21T15:14:19","guid":{"rendered":"https:\/\/miakeri.se\/?page_id=1319"},"modified":"2022-11-11T12:30:53","modified_gmt":"2022-11-11T12:30:53","slug":"about","status":"publish","type":"page","link":"https:\/\/miakeri.se\/?page_id=1319","title":{"rendered":"Om Oss"},"content":{"rendered":"\t\t<div data-elementor-type=\"wp-page\" data-elementor-id=\"1319\" class=\"elementor elementor-1319\">\n\t\t\t\t\t\t\t\t\t<section class=\"elementor-section elementor-top-section elementor-element elementor-element-c8ddeb6 elementor-section-height-min-height elementor-section-full_width elementor-section-height-default elementor-section-items-middle\" data-id=\"c8ddeb6\" data-element_type=\"section\" data-settings=\"{&quot;background_background&quot;:&quot;classic&quot;}\">\n\t\t\t\t\t\t\t<div class=\"elementor-background-overlay\"><\/div>\n\t\t\t\t\t\t\t<div class=\"elementor-container elementor-column-gap-default\">\n\t\t\t\t\t<div class=\"elementor-column elementor-col-100 elementor-top-column elementor-element elementor-element-6a5337e\" data-id=\"6a5337e\" data-element_type=\"column\">\n\t\t\t<div class=\"elementor-widget-wrap elementor-element-populated\">\n\t\t\t\t\t\t\t\t<div class=\"elementor-element elementor-element-feefb6c elementor-widget elementor-widget-heading\" data-id=\"feefb6c\" data-element_type=\"widget\" data-widget_type=\"heading.default\">\n\t\t\t\t<div class=\"elementor-widget-container\">\n\t\t\t<style>\/*! elementor - v3.8.0 - 30-10-2022 *\/\n.elementor-heading-title{padding:0;margin:0;line-height:1}.elementor-widget-heading .elementor-heading-title[class*=elementor-size-]>a{color:inherit;font-size:inherit;line-height:inherit}.elementor-widget-heading .elementor-heading-title.elementor-size-small{font-size:15px}.elementor-widget-heading .elementor-heading-title.elementor-size-medium{font-size:19px}.elementor-widget-heading .elementor-heading-title.elementor-size-large{font-size:29px}.elementor-widget-heading .elementor-heading-title.elementor-size-xl{font-size:39px}.elementor-widget-heading .elementor-heading-title.elementor-size-xxl{font-size:59px}<\/style><h1 class=\"elementor-heading-title elementor-size-default\">Om Oss<\/h1>\t\t<\/div>\n\t\t\t\t<\/div>\n\t\t\t\t\t<\/div>\n\t\t<\/div>\n\t\t\t\t\t\t\t<\/div>\n\t\t<\/section>\n\t\t\t\t<section class=\"elementor-section elementor-top-section elementor-element elementor-element-034f786 elementor-section-boxed elementor-section-height-default elementor-section-height-default\" data-id=\"034f786\" data-element_type=\"section\">\n\t\t\t\t\t\t<div class=\"elementor-container elementor-column-gap-default\">\n\t\t\t\t\t<div class=\"elementor-column elementor-col-100 elementor-top-column elementor-element elementor-element-ba0c118\" data-id=\"ba0c118\" data-element_type=\"column\">\n\t\t\t<div class=\"elementor-widget-wrap elementor-element-populated\">\n\t\t\t\t\t\t\t\t<div class=\"elementor-element elementor-element-3dc998b elementor-widget elementor-widget-heading\" data-id=\"3dc998b\" data-element_type=\"widget\" data-widget_type=\"heading.default\">\n\t\t\t\t<div class=\"elementor-widget-container\">\n\t\t\t<h4 class=\"elementor-heading-title elementor-size-default\">\u200bMi \u00c5keri \u00e4r ett transport f\u00f6retag med bud och distribution i Stockholm och n\u00e4rliggande orter\n\u200b Vi brukar kunna l\u00f6sa de flesta typer av transporter upp till 5 ton f\u00f6r styckegods och schakt.<\/h4>\t\t<\/div>\n\t\t\t\t<\/div>\n\t\t\t\t<div class=\"elementor-element elementor-element-9fdb291 elementor-widget elementor-widget-image\" data-id=\"9fdb291\" data-element_type=\"widget\" data-widget_type=\"image.default\">\n\t\t\t\t<div class=\"elementor-widget-container\">\n\t\t\t<style>\/*! elementor - v3.8.0 - 30-10-2022 *\/\n.elementor-widget-image{text-align:center}.elementor-widget-image a{display:inline-block}.elementor-widget-image a img[src$=\".svg\"]{width:48px}.elementor-widget-image img{vertical-align:middle;display:inline-block}<\/style>\t\t\t\t\t\t\t\t\t\t\t\t<img loading=\"lazy\" decoding=\"async\" width=\"2560\" height=\"1723\" src=\"https:\/\/miakeri.se\/wp-content\/uploads\/2022\/11\/truck-2920533-scaled.jpg\" class=\"attachment-full size-full\" alt=\"\" srcset=\"https:\/\/miakeri.se\/wp-content\/uploads\/2022\/11\/truck-2920533-scaled.jpg 2560w, https:\/\/miakeri.se\/wp-content\/uploads\/2022\/11\/truck-2920533-300x202.jpg 300w, https:\/\/miakeri.se\/wp-content\/uploads\/2022\/11\/truck-2920533-1024x689.jpg 1024w, https:\/\/miakeri.se\/wp-content\/uploads\/2022\/11\/truck-2920533-768x517.jpg 768w, https:\/\/miakeri.se\/wp-content\/uploads\/2022\/11\/truck-2920533-1536x1034.jpg 1536w, https:\/\/miakeri.se\/wp-content\/uploads\/2022\/11\/truck-2920533-2048x1379.jpg 2048w\" sizes=\"auto, (max-width: 2560px) 100vw, 2560px\" \/>\t\t\t\t\t\t\t\t\t\t\t\t\t\t\t<\/div>\n\t\t\t\t<\/div>\n\t\t\t\t\t<\/div>\n\t\t<\/div>\n\t\t\t\t\t\t\t<\/div>\n\t\t<\/section>\n\t\t\t\t\t\t\t<\/div>\n\t\t","protected":false},"excerpt":{"rendered":"<p>Om Oss \u200bMi \u00c5keri \u00e4r ett transport f\u00f6retag med bud och distribution i Stockholm och n\u00e4rliggande orter \u200b Vi brukar kunna l\u00f6sa de flesta typer av transporter upp till 5 ton f\u00f6r styckegods och schakt.<\/p>\n","protected":false},"author":2,"featured_media":0,"parent":0,"menu_order":0,"comment_status":"closed","ping_status":"closed","template":"","meta":{"site-sidebar-layout":"no-sidebar","site-content-layout":"page-builder","ast-global-header-display":"","ast-main-header-display":"","ast-hfb-above-header-display":"","ast-hfb-below-header-display":"","ast-hfb-mobile-header-display":"","site-post-title":"disabled","ast-breadcrumbs-content":"","ast-featured-img":"disabled","footer-sml-layout":"","theme-transparent-header-meta":"enabled","adv-header-id-meta":"","stick-header-meta":"","header-above-stick-meta":"","header-main-stick-meta":"","header-below-stick-meta":"","footnotes":""},"class_list":["post-1319","page","type-page","status-publish","hentry"],"yoast_head":"<!-- This site is optimized with the Yoast SEO plugin v19.9 - https:\/\/yoast.com\/wordpress\/plugins\/seo\/ -->\n<title>Om Oss - Love Nature<\/title>\n<meta name=\"robots\" content=\"index, follow, max-snippet:-1, max-image-preview:large, max-video-preview:-1\" \/>\n<link rel=\"canonical\" href=\"https:\/\/miakeri.se\/?page_id=1319\" \/>\n<meta property=\"og:locale\" content=\"en_US\" \/>\n<meta property=\"og:type\" content=\"article\" \/>\n<meta property=\"og:title\" content=\"Om Oss - Love Nature\" \/>\n<meta property=\"og:description\" content=\"Om Oss \u200bMi \u00c5keri \u00e4r ett transport f\u00f6retag med bud och distribution i Stockholm och n\u00e4rliggande orter \u200b Vi brukar kunna l\u00f6sa de flesta typer av transporter upp till 5 ton f\u00f6r styckegods och schakt.\" \/>\n<meta property=\"og:url\" content=\"https:\/\/miakeri.se\/?page_id=1319\" \/>\n<meta property=\"og:site_name\" content=\"Love Nature\" \/>\n<meta property=\"article:modified_time\" content=\"2022-11-11T12:30:53+00:00\" \/>\n<meta property=\"og:image\" content=\"https:\/\/miakeri.se\/wp-content\/uploads\/2022\/11\/truck-2920533-scaled.jpg\" \/>\n<meta name=\"twitter:card\" content=\"summary_large_image\" \/>\n<meta name=\"twitter:label1\" content=\"Est. reading time\" \/>\n\t<meta name=\"twitter:data1\" content=\"1 minute\" \/>\n<script type=\"application\/ld+json\" class=\"yoast-schema-graph\">{\"@context\":\"https:\/\/schema.org\",\"@graph\":[{\"@type\":\"WebPage\",\"@id\":\"https:\/\/miakeri.se\/?page_id=1319\",\"url\":\"https:\/\/miakeri.se\/?page_id=1319\",\"name\":\"Om Oss - Love Nature\",\"isPartOf\":{\"@id\":\"https:\/\/miakeri.se\/#website\"},\"datePublished\":\"2021-11-21T15:14:19+00:00\",\"dateModified\":\"2022-11-11T12:30:53+00:00\",\"breadcrumb\":{\"@id\":\"https:\/\/miakeri.se\/?page_id=1319#breadcrumb\"},\"inLanguage\":\"en-US\",\"potentialAction\":[{\"@type\":\"ReadAction\",\"target\":[\"https:\/\/miakeri.se\/?page_id=1319\"]}]},{\"@type\":\"BreadcrumbList\",\"@id\":\"https:\/\/miakeri.se\/?page_id=1319#breadcrumb\",\"itemListElement\":[{\"@type\":\"ListItem\",\"position\":1,\"name\":\"Home\",\"item\":\"https:\/\/miakeri.se\/\"},{\"@type\":\"ListItem\",\"position\":2,\"name\":\"Om Oss\"}]},{\"@type\":\"WebSite\",\"@id\":\"https:\/\/miakeri.se\/#website\",\"url\":\"https:\/\/miakeri.se\/\",\"name\":\"Love Nature\",\"description\":\"Just another Astra Starter Templates site\",\"publisher\":{\"@id\":\"https:\/\/miakeri.se\/#organization\"},\"potentialAction\":[{\"@type\":\"SearchAction\",\"target\":{\"@type\":\"EntryPoint\",\"urlTemplate\":\"https:\/\/miakeri.se\/?s={search_term_string}\"},\"query-input\":\"required name=search_term_string\"}],\"inLanguage\":\"en-US\"},{\"@type\":\"Organization\",\"@id\":\"https:\/\/miakeri.se\/#organization\",\"name\":\"Love Nature\",\"url\":\"https:\/\/miakeri.se\/\",\"logo\":{\"@type\":\"ImageObject\",\"inLanguage\":\"en-US\",\"@id\":\"https:\/\/miakeri.se\/#\/schema\/logo\/image\/\",\"url\":\"https:\/\/miakeri.se\/wp-content\/uploads\/2022\/11\/MI-AKERI-AB-110.png\",\"contentUrl\":\"https:\/\/miakeri.se\/wp-content\/uploads\/2022\/11\/MI-AKERI-AB-110.png\",\"width\":1080,\"height\":1080,\"caption\":\"Love Nature\"},\"image\":{\"@id\":\"https:\/\/miakeri.se\/#\/schema\/logo\/image\/\"}}]}<\/script>\n<!-- \/ Yoast SEO plugin. -->","yoast_head_json":{"title":"Om Oss - Love Nature","robots":{"index":"index","follow":"follow","max-snippet":"max-snippet:-1","max-image-preview":"max-image-preview:large","max-video-preview":"max-video-preview:-1"},"canonical":"https:\/\/miakeri.se\/?page_id=1319","og_locale":"en_US","og_type":"article","og_title":"Om Oss - Love Nature","og_description":"Om Oss \u200bMi \u00c5keri \u00e4r ett transport f\u00f6retag med bud och distribution i Stockholm och n\u00e4rliggande orter \u200b Vi brukar kunna l\u00f6sa de flesta typer av transporter upp till 5 ton f\u00f6r styckegods och schakt.","og_url":"https:\/\/miakeri.se\/?page_id=1319","og_site_name":"Love Nature","article_modified_time":"2022-11-11T12:30:53+00:00","og_image":[{"url":"https:\/\/miakeri.se\/wp-content\/uploads\/2022\/11\/truck-2920533-scaled.jpg"}],"twitter_card":"summary_large_image","twitter_misc":{"Est. reading time":"1 minute"},"schema":{"@context":"https:\/\/schema.org","@graph":[{"@type":"WebPage","@id":"https:\/\/miakeri.se\/?page_id=1319","url":"https:\/\/miakeri.se\/?page_id=1319","name":"Om Oss - Love Nature","isPartOf":{"@id":"https:\/\/miakeri.se\/#website"},"datePublished":"2021-11-21T15:14:19+00:00","dateModified":"2022-11-11T12:30:53+00:00","breadcrumb":{"@id":"https:\/\/miakeri.se\/?page_id=1319#breadcrumb"},"inLanguage":"en-US","potentialAction":[{"@type":"ReadAction","target":["https:\/\/miakeri.se\/?page_id=1319"]}]},{"@type":"BreadcrumbList","@id":"https:\/\/miakeri.se\/?page_id=1319#breadcrumb","itemListElement":[{"@type":"ListItem","position":1,"name":"Home","item":"https:\/\/miakeri.se\/"},{"@type":"ListItem","position":2,"name":"Om Oss"}]},{"@type":"WebSite","@id":"https:\/\/miakeri.se\/#website","url":"https:\/\/miakeri.se\/","name":"Love Nature","description":"Just another Astra Starter Templates site","publisher":{"@id":"https:\/\/miakeri.se\/#organization"},"potentialAction":[{"@type":"SearchAction","target":{"@type":"EntryPoint","urlTemplate":"https:\/\/miakeri.se\/?s={search_term_string}"},"query-input":"required name=search_term_string"}],"inLanguage":"en-US"},{"@type":"Organization","@id":"https:\/\/miakeri.se\/#organization","name":"Love Nature","url":"https:\/\/miakeri.se\/","logo":{"@type":"ImageObject","inLanguage":"en-US","@id":"https:\/\/miakeri.se\/#\/schema\/logo\/image\/","url":"https:\/\/miakeri.se\/wp-content\/uploads\/2022\/11\/MI-AKERI-AB-110.png","contentUrl":"https:\/\/miakeri.se\/wp-content\/uploads\/2022\/11\/MI-AKERI-AB-110.png","width":1080,"height":1080,"caption":"Love Nature"},"image":{"@id":"https:\/\/miakeri.se\/#\/schema\/logo\/image\/"}}]}},"uagb_featured_image_src":{"full":false,"thumbnail":false,"medium":false,"medium_large":false,"large":false,"1536x1536":false,"2048x2048":false},"uagb_author_info":{"display_name":"abdul","author_link":"https:\/\/miakeri.se\/?author=2"},"uagb_comment_info":0,"uagb_excerpt":"Om Oss \u200bMi \u00c5keri \u00e4r ett transport f\u00f6retag med bud och distribution i Stockholm och n\u00e4rliggande orter \u200b Vi brukar kunna l\u00f6sa de flesta typer av transporter upp till 5 ton f\u00f6r styckegods och schakt.","_links":{"self":[{"href":"https:\/\/miakeri.se\/index.php?rest_route=\/wp\/v2\/pages\/1319","targetHints":{"allow":["GET"]}}],"collection":[{"href":"https:\/\/miakeri.se\/index.php?rest_route=\/wp\/v2\/pages"}],"about":[{"href":"https:\/\/miakeri.se\/index.php?rest_route=\/wp\/v2\/types\/page"}],"author":[{"embeddable":true,"href":"https:\/\/miakeri.se\/index.php?rest_route=\/wp\/v2\/users\/2"}],"replies":[{"embeddable":true,"href":"https:\/\/miakeri.se\/index.php?rest_route=%2Fwp%2Fv2%2Fcomments&post=1319"}],"version-history":[{"count":14,"href":"https:\/\/miakeri.se\/index.php?rest_route=\/wp\/v2\/pages\/1319\/revisions"}],"predecessor-version":[{"id":1447,"href":"https:\/\/miakeri.se\/index.php?rest_route=\/wp\/v2\/pages\/1319\/revisions\/1447"}],"wp:attachment":[{"href":"https:\/\/miakeri.se\/index.php?rest_route=%2Fwp%2Fv2%2Fmedia&parent=1319"}],"curies":[{"name":"wp","href":"https:\/\/api.w.org\/{rel}","templated":true}]}}